{"id":42,"date":"2024-10-20T23:40:26","date_gmt":"2024-10-20T20:40:26","guid":{"rendered":"http:\/\/altinkayateknikelektrik.com.tr\/?page_id=42"},"modified":"2024-10-20T23:42:15","modified_gmt":"2024-10-20T20:42:15","slug":"elektrik-ariza","status":"publish","type":"page","link":"https:\/\/altinkayateknikelektrik.com.tr\/index.php\/elektrik-ariza\/","title":{"rendered":"Elektrik Ar\u0131za"},"content":{"rendered":"<div class=\"row\"  id=\"row-1225985898\">\n\n\n\t<div id=\"col-1901050574\" class=\"col medium-6 small-12 large-6\"  >\n\t\t\t\t<div class=\"col-inner\"  >\n\t\t\t\n\t\t\t\n\n\t<div class=\"img has-hover x md-x lg-x y md-y lg-y\" id=\"image_1511842058\">\n\t\t\t\t\t\t\t\t<div class=\"img-inner dark\" >\n\t\t\t<img loading=\"lazy\" decoding=\"async\" width=\"600\" height=\"400\" src=\"https:\/\/altinkayateknikelektrik.com.tr\/wp-content\/uploads\/2024\/10\/Adsiz-tasarim-5.png\" class=\"attachment-large size-large\" alt=\"\" srcset=\"https:\/\/altinkayateknikelektrik.com.tr\/wp-content\/uploads\/2024\/10\/Adsiz-tasarim-5.png 600w, https:\/\/altinkayateknikelektrik.com.tr\/wp-content\/uploads\/2024\/10\/Adsiz-tasarim-5-300x200.png 300w\" sizes=\"auto, (max-width: 600px) 100vw, 600px\" \/>\t\t\t\t\t\t\n\t\t\t\t\t<\/div>\n\t\t\t\t\t\t\t\t\n<style>\n#image_1511842058 {\n  width: 100%;\n}\n<\/style>\n\t<\/div>\n\t\n\n\n\t\t<\/div>\n\t\t\t\t\t<\/div>\n\n\t\n\n\t<div id=\"col-1589666447\" class=\"col medium-6 small-12 large-6\"  >\n\t\t\t\t<div class=\"col-inner\"  >\n\t\t\t\n\t\t\t\n\n<p data-sourcepos=\"15:1-15:41\"><strong>Elektrik Sistemleriniz G\u00fcvenle Bizde!<\/strong><\/p>\n<p data-sourcepos=\"17:1-17:261\">Elektrik ar\u0131zalar\u0131, i\u015flerinizi durdurabilir ve g\u00fcvenli\u011finizi tehlikeye atabilir. Biz, bu riski ortadan kald\u0131rmak i\u00e7in buraday\u0131z. Modern ekipmanlar\u0131m\u0131z ve uzman kadromuzla, elektrik tesisat\u0131n\u0131zdaki en k\u00fc\u00e7\u00fck sorunu bile tespit ediyor ve kal\u0131c\u0131 \u00e7\u00f6z\u00fcmler sunuyoruz.<\/p>\n<ul data-sourcepos=\"19:1-23:0\">\n<li data-sourcepos=\"19:1-19:30\"><strong>Ar\u0131za tespiti ve analizi<\/strong><\/li>\n<li data-sourcepos=\"20:1-20:31\"><strong>Tamir ve bak\u0131m hizmetleri<\/strong><\/li>\n<li data-sourcepos=\"21:1-21:33\"><strong>Elektrik tesisat\u0131 revizyonu<\/strong><\/li>\n<li data-sourcepos=\"22:1-23:0\"><strong>7\/24 destek<\/strong><\/li>\n<\/ul>\n\n\t\t<\/div>\n\t\t\t\t\t<\/div>\n\n\t\n\n<\/div>","protected":false},"excerpt":{"rendered":"","protected":false},"author":1,"featured_media":0,"parent":0,"menu_order":0,"comment_status":"closed","ping_status":"closed","template":"","meta":{"footnotes":""},"class_list":["post-42","page","type-page","status-publish","hentry"],"_links":{"self":[{"href":"https:\/\/altinkayateknikelektrik.com.tr\/index.php\/wp-json\/wp\/v2\/pages\/42","targetHints":{"allow":["GET"]}}],"collection":[{"href":"https:\/\/altinkayateknikelektrik.com.tr\/index.php\/wp-json\/wp\/v2\/pages"}],"about":[{"href":"https:\/\/altinkayateknikelektrik.com.tr\/index.php\/wp-json\/wp\/v2\/types\/page"}],"author":[{"embeddable":true,"href":"https:\/\/altinkayateknikelektrik.com.tr\/index.php\/wp-json\/wp\/v2\/users\/1"}],"replies":[{"embeddable":true,"href":"https:\/\/altinkayateknikelektrik.com.tr\/index.php\/wp-json\/wp\/v2\/comments?post=42"}],"version-history":[{"count":2,"href":"https:\/\/altinkayateknikelektrik.com.tr\/index.php\/wp-json\/wp\/v2\/pages\/42\/revisions"}],"predecessor-version":[{"id":44,"href":"https:\/\/altinkayateknikelektrik.com.tr\/index.php\/wp-json\/wp\/v2\/pages\/42\/revisions\/44"}],"wp:attachment":[{"href":"https:\/\/altinkayateknikelektrik.com.tr\/index.php\/wp-json\/wp\/v2\/media?parent=42"}],"curies":[{"name":"wp","href":"https:\/\/api.w.org\/{rel}","templated":true}]}}