{"id":46,"date":"2024-10-20T23:44:05","date_gmt":"2024-10-20T20:44:05","guid":{"rendered":"http:\/\/altinkayateknikelektrik.com.tr\/?page_id=46"},"modified":"2024-10-21T00:21:53","modified_gmt":"2024-10-20T21:21:53","slug":"bakim-onarim","status":"publish","type":"page","link":"https:\/\/altinkayateknikelektrik.com.tr\/index.php\/bakim-onarim\/","title":{"rendered":"Bak\u0131m Onar\u0131m"},"content":{"rendered":"<div class=\"row\"  id=\"row-296757162\">\n\n\n\t<div id=\"col-1072191678\" class=\"col medium-6 small-12 large-6\"  >\n\t\t\t\t<div class=\"col-inner\"  >\n\t\t\t\n\t\t\t\n\n\t<div class=\"img has-hover x md-x lg-x y md-y lg-y\" id=\"image_1745408631\">\n\t\t\t\t\t\t\t\t<div class=\"img-inner dark\" >\n\t\t\t<img loading=\"lazy\" decoding=\"async\" width=\"600\" height=\"400\" src=\"https:\/\/altinkayateknikelektrik.com.tr\/wp-content\/uploads\/2024\/10\/Adsiz-tasarim-6.png\" class=\"attachment-large size-large\" alt=\"\" srcset=\"https:\/\/altinkayateknikelektrik.com.tr\/wp-content\/uploads\/2024\/10\/Adsiz-tasarim-6.png 600w, https:\/\/altinkayateknikelektrik.com.tr\/wp-content\/uploads\/2024\/10\/Adsiz-tasarim-6-300x200.png 300w\" sizes=\"auto, (max-width: 600px) 100vw, 600px\" \/>\t\t\t\t\t\t\n\t\t\t\t\t<\/div>\n\t\t\t\t\t\t\t\t\n<style>\n#image_1745408631 {\n  width: 100%;\n}\n<\/style>\n\t<\/div>\n\t\n\n\n\t\t<\/div>\n\t\t\t\t\t<\/div>\n\n\t\n\n\t<div id=\"col-2090789436\" class=\"col medium-6 small-12 large-6\"  >\n\t\t\t\t<div class=\"col-inner\"  >\n\t\t\t\n\t\t\t\n\n<p data-sourcepos=\"15:1-15:41\"><strong>Elektrik Tesisat\u0131n\u0131z\u0131n Uzman Ellerde!<\/strong><\/p>\n<p data-sourcepos=\"17:1-17:218\">\u0130\u015fletmenizin veya evinizin elektrik sistemlerinin sorunsuz \u00e7al\u0131\u015fmas\u0131n\u0131 sa\u011flamak i\u00e7in kapsaml\u0131 bak\u0131m ve onar\u0131m hizmetleri sunuyoruz. Elektrik tesisat\u0131n\u0131z\u0131n \u00f6mr\u00fcn\u00fc uzat\u0131rken, enerji tasarrufu yapman\u0131za yard\u0131mc\u0131 oluyoruz.<\/p>\n<ul data-sourcepos=\"19:1-24:0\">\n<li data-sourcepos=\"19:1-19:30\"><strong>Ar\u0131za tespiti ve analizi<\/strong><\/li>\n<li data-sourcepos=\"20:1-20:30\"><strong>Kablo yenileme ve ekleme<\/strong><\/li>\n<li data-sourcepos=\"21:1-21:52\"><strong>Priz, anahtar ve ayd\u0131nlatma sistemleri onar\u0131m\u0131<\/strong><\/li>\n<li data-sourcepos=\"22:1-22:33\"><strong>Topraklama sistemi kontrol\u00fc<\/strong><\/li>\n<li data-sourcepos=\"23:1-24:0\"><strong>Sigorta ve panolar\u0131n bak\u0131m\u0131<\/strong><\/li>\n<\/ul>\n\n\t\t<\/div>\n\t\t\t\t\t<\/div>\n\n\t\n\n<\/div>","protected":false},"excerpt":{"rendered":"","protected":false},"author":1,"featured_media":0,"parent":0,"menu_order":0,"comment_status":"closed","ping_status":"closed","template":"","meta":{"footnotes":""},"class_list":["post-46","page","type-page","status-publish","hentry"],"_links":{"self":[{"href":"https:\/\/altinkayateknikelektrik.com.tr\/index.php\/wp-json\/wp\/v2\/pages\/46","targetHints":{"allow":["GET"]}}],"collection":[{"href":"https:\/\/altinkayateknikelektrik.com.tr\/index.php\/wp-json\/wp\/v2\/pages"}],"about":[{"href":"https:\/\/altinkayateknikelektrik.com.tr\/index.php\/wp-json\/wp\/v2\/types\/page"}],"author":[{"embeddable":true,"href":"https:\/\/altinkayateknikelektrik.com.tr\/index.php\/wp-json\/wp\/v2\/users\/1"}],"replies":[{"embeddable":true,"href":"https:\/\/altinkayateknikelektrik.com.tr\/index.php\/wp-json\/wp\/v2\/comments?post=46"}],"version-history":[{"count":3,"href":"https:\/\/altinkayateknikelektrik.com.tr\/index.php\/wp-json\/wp\/v2\/pages\/46\/revisions"}],"predecessor-version":[{"id":91,"href":"https:\/\/altinkayateknikelektrik.com.tr\/index.php\/wp-json\/wp\/v2\/pages\/46\/revisions\/91"}],"wp:attachment":[{"href":"https:\/\/altinkayateknikelektrik.com.tr\/index.php\/wp-json\/wp\/v2\/media?parent=46"}],"curies":[{"name":"wp","href":"https:\/\/api.w.org\/{rel}","templated":true}]}}