{"id":49,"date":"2024-10-20T23:46:38","date_gmt":"2024-10-20T20:46:38","guid":{"rendered":"http:\/\/altinkayateknikelektrik.com.tr\/?page_id=49"},"modified":"2024-10-21T00:22:10","modified_gmt":"2024-10-20T21:22:10","slug":"ev-elektrik-tesisat","status":"publish","type":"page","link":"https:\/\/altinkayateknikelektrik.com.tr\/index.php\/ev-elektrik-tesisat\/","title":{"rendered":"Ev Elektrik Tesisat"},"content":{"rendered":"<div class=\"row\"  id=\"row-1402423494\">\n\n\n\t<div id=\"col-1804816082\" class=\"col medium-6 small-12 large-6\"  >\n\t\t\t\t<div class=\"col-inner\"  >\n\t\t\t\n\t\t\t\n\n\t<div class=\"img has-hover x md-x lg-x y md-y lg-y\" id=\"image_1125046533\">\n\t\t\t\t\t\t\t\t<div class=\"img-inner dark\" >\n\t\t\t<img loading=\"lazy\" decoding=\"async\" width=\"600\" height=\"400\" src=\"https:\/\/altinkayateknikelektrik.com.tr\/wp-content\/uploads\/2024\/10\/Adsiz-tasarim-7.png\" class=\"attachment-large size-large\" alt=\"\" srcset=\"https:\/\/altinkayateknikelektrik.com.tr\/wp-content\/uploads\/2024\/10\/Adsiz-tasarim-7.png 600w, https:\/\/altinkayateknikelektrik.com.tr\/wp-content\/uploads\/2024\/10\/Adsiz-tasarim-7-300x200.png 300w\" sizes=\"auto, (max-width: 600px) 100vw, 600px\" \/>\t\t\t\t\t\t\n\t\t\t\t\t<\/div>\n\t\t\t\t\t\t\t\t\n<style>\n#image_1125046533 {\n  width: 100%;\n}\n<\/style>\n\t<\/div>\n\t\n\n\n\t\t<\/div>\n\t\t\t\t\t<\/div>\n\n\t\n\n\t<div id=\"col-1830207851\" class=\"col medium-6 small-12 large-6\"  >\n\t\t\t\t<div class=\"col-inner\"  >\n\t\t\t\n\t\t\t\n\n<p data-sourcepos=\"29:1-29:82\"><strong>Ev elektrik tesisat\u0131n\u0131z\u0131n g\u00fcvenli\u011fi ve verimlili\u011fi i\u00e7in m\u00fchendislik \u00e7\u00f6z\u00fcmleri!<\/strong><\/p>\n<ul data-sourcepos=\"31:1-35:0\">\n<li data-sourcepos=\"31:1-31:76\"><strong>Proje tasar\u0131m\u0131:<\/strong> Elektrik tesisat\u0131n\u0131z\u0131 ihtiya\u00e7lar\u0131n\u0131za g\u00f6re tasarlar\u0131z.<\/li>\n<li data-sourcepos=\"32:1-32:66\"><strong>Malzeme se\u00e7imi:<\/strong> Kaliteli ve g\u00fcvenilir malzemeler kullan\u0131r\u0131z.<\/li>\n<li data-sourcepos=\"33:1-33:66\"><strong>\u0130\u015f\u00e7ilik kalitesi:<\/strong> Tecr\u00fcbeli ekibimizle titizlikle \u00e7al\u0131\u015f\u0131r\u0131z.<\/li>\n<li data-sourcepos=\"34:1-35:0\"><strong>Standartlara uygunluk:<\/strong> T\u00fcm i\u015flerimiz TSE standartlar\u0131na uygun olarak yap\u0131l\u0131r.<\/li>\n<\/ul>\n\n\t\t<\/div>\n\t\t\t\t\t<\/div>\n\n\t\n\n<\/div>","protected":false},"excerpt":{"rendered":"","protected":false},"author":1,"featured_media":0,"parent":0,"menu_order":0,"comment_status":"closed","ping_status":"closed","template":"","meta":{"footnotes":""},"class_list":["post-49","page","type-page","status-publish","hentry"],"_links":{"self":[{"href":"https:\/\/altinkayateknikelektrik.com.tr\/index.php\/wp-json\/wp\/v2\/pages\/49","targetHints":{"allow":["GET"]}}],"collection":[{"href":"https:\/\/altinkayateknikelektrik.com.tr\/index.php\/wp-json\/wp\/v2\/pages"}],"about":[{"href":"https:\/\/altinkayateknikelektrik.com.tr\/index.php\/wp-json\/wp\/v2\/types\/page"}],"author":[{"embeddable":true,"href":"https:\/\/altinkayateknikelektrik.com.tr\/index.php\/wp-json\/wp\/v2\/users\/1"}],"replies":[{"embeddable":true,"href":"https:\/\/altinkayateknikelektrik.com.tr\/index.php\/wp-json\/wp\/v2\/comments?post=49"}],"version-history":[{"count":3,"href":"https:\/\/altinkayateknikelektrik.com.tr\/index.php\/wp-json\/wp\/v2\/pages\/49\/revisions"}],"predecessor-version":[{"id":92,"href":"https:\/\/altinkayateknikelektrik.com.tr\/index.php\/wp-json\/wp\/v2\/pages\/49\/revisions\/92"}],"wp:attachment":[{"href":"https:\/\/altinkayateknikelektrik.com.tr\/index.php\/wp-json\/wp\/v2\/media?parent=49"}],"curies":[{"name":"wp","href":"https:\/\/api.w.org\/{rel}","templated":true}]}}