{"id":56,"date":"2024-10-20T23:50:06","date_gmt":"2024-10-20T20:50:06","guid":{"rendered":"http:\/\/altinkayateknikelektrik.com.tr\/?page_id=56"},"modified":"2024-10-20T23:51:26","modified_gmt":"2024-10-20T20:51:26","slug":"ag-og-bakim-onarim","status":"publish","type":"page","link":"https:\/\/altinkayateknikelektrik.com.tr\/index.php\/ag-og-bakim-onarim\/","title":{"rendered":"Ag Og Bak\u0131m Onar\u0131m"},"content":{"rendered":"<div class=\"row\"  id=\"row-1363737036\">\n\n\n\t<div id=\"col-2069475329\" class=\"col medium-6 small-12 large-6\"  >\n\t\t\t\t<div class=\"col-inner\"  >\n\t\t\t\n\t\t\t\n\n\t<div class=\"img has-hover x md-x lg-x y md-y lg-y\" id=\"image_853384711\">\n\t\t\t\t\t\t\t\t<div class=\"img-inner dark\" >\n\t\t\t<img loading=\"lazy\" decoding=\"async\" width=\"600\" height=\"400\" src=\"https:\/\/altinkayateknikelektrik.com.tr\/wp-content\/uploads\/2024\/10\/Adsiz-tasarim-9.png\" class=\"attachment-large size-large\" alt=\"\" srcset=\"https:\/\/altinkayateknikelektrik.com.tr\/wp-content\/uploads\/2024\/10\/Adsiz-tasarim-9.png 600w, https:\/\/altinkayateknikelektrik.com.tr\/wp-content\/uploads\/2024\/10\/Adsiz-tasarim-9-300x200.png 300w\" sizes=\"auto, (max-width: 600px) 100vw, 600px\" \/>\t\t\t\t\t\t\n\t\t\t\t\t<\/div>\n\t\t\t\t\t\t\t\t\n<style>\n#image_853384711 {\n  width: 100%;\n}\n<\/style>\n\t<\/div>\n\t\n\n\n\t\t<\/div>\n\t\t\t\t\t<\/div>\n\n\t\n\n\t<div id=\"col-1506516945\" class=\"col medium-6 small-12 large-6\"  >\n\t\t\t\t<div class=\"col-inner\"  >\n\t\t\t\n\t\t\t\n\n<p data-sourcepos=\"13:1-13:80\"><strong>AG ve OG elektrik sistemlerinizin \u00f6mr\u00fcn\u00fc uzat\u0131n, i\u015f s\u00fcreklili\u011finizi koruyun!<\/strong><\/p>\n<ul data-sourcepos=\"15:1-20:0\">\n<li data-sourcepos=\"15:1-15:117\"><strong>Periyodik Bak\u0131m:<\/strong> Sistemlerinizin d\u00fczenli olarak kontrol edilmesi ve bak\u0131m\u0131n\u0131n yap\u0131lmas\u0131, olas\u0131 ar\u0131zalar\u0131 \u00f6nler.<\/li>\n<li data-sourcepos=\"16:1-16:99\"><strong>Ar\u0131za Giderme:<\/strong> Olu\u015fan ar\u0131zalara h\u0131zl\u0131 ve etkili m\u00fcdahale ile i\u015f kay\u0131plar\u0131n\u0131 en aza indiririz.<\/li>\n<li data-sourcepos=\"17:1-17:109\"><strong>Tesisat Yenileme:<\/strong> Eskiyen veya yetersiz kalan tesisatlar\u0131n\u0131z\u0131 g\u00fcncel standartlara uygun hale getiririz.<\/li>\n<li data-sourcepos=\"18:1-18:82\"><strong>G\u00fc\u00e7 Analizi:<\/strong> Enerji verimlili\u011finizi art\u0131rmak i\u00e7in detayl\u0131 analizler yapar\u0131z.<\/li>\n<li data-sourcepos=\"19:1-20:0\"><strong>Otomasyon Sistemleri:<\/strong> \u00dcretim s\u00fcre\u00e7lerinizi optimize etmek i\u00e7in otomasyon sistemleri kurar\u0131z.<\/li>\n<\/ul>\n\n\t\t<\/div>\n\t\t\t\t\t<\/div>\n\n\t\n\n<\/div>","protected":false},"excerpt":{"rendered":"","protected":false},"author":1,"featured_media":0,"parent":0,"menu_order":0,"comment_status":"closed","ping_status":"closed","template":"","meta":{"footnotes":""},"class_list":["post-56","page","type-page","status-publish","hentry"],"_links":{"self":[{"href":"https:\/\/altinkayateknikelektrik.com.tr\/index.php\/wp-json\/wp\/v2\/pages\/56","targetHints":{"allow":["GET"]}}],"collection":[{"href":"https:\/\/altinkayateknikelektrik.com.tr\/index.php\/wp-json\/wp\/v2\/pages"}],"about":[{"href":"https:\/\/altinkayateknikelektrik.com.tr\/index.php\/wp-json\/wp\/v2\/types\/page"}],"author":[{"embeddable":true,"href":"https:\/\/altinkayateknikelektrik.com.tr\/index.php\/wp-json\/wp\/v2\/users\/1"}],"replies":[{"embeddable":true,"href":"https:\/\/altinkayateknikelektrik.com.tr\/index.php\/wp-json\/wp\/v2\/comments?post=56"}],"version-history":[{"count":2,"href":"https:\/\/altinkayateknikelektrik.com.tr\/index.php\/wp-json\/wp\/v2\/pages\/56\/revisions"}],"predecessor-version":[{"id":58,"href":"https:\/\/altinkayateknikelektrik.com.tr\/index.php\/wp-json\/wp\/v2\/pages\/56\/revisions\/58"}],"wp:attachment":[{"href":"https:\/\/altinkayateknikelektrik.com.tr\/index.php\/wp-json\/wp\/v2\/media?parent=56"}],"curies":[{"name":"wp","href":"https:\/\/api.w.org\/{rel}","templated":true}]}}