{"id":59,"date":"2024-10-20T23:52:00","date_gmt":"2024-10-20T20:52:00","guid":{"rendered":"http:\/\/altinkayateknikelektrik.com.tr\/?page_id=59"},"modified":"2024-10-20T23:54:03","modified_gmt":"2024-10-20T20:54:03","slug":"gunes-enerjisi-kurulumu","status":"publish","type":"page","link":"https:\/\/altinkayateknikelektrik.com.tr\/index.php\/gunes-enerjisi-kurulumu\/","title":{"rendered":"G\u00fcne\u015f Enerjisi Kurulumu"},"content":{"rendered":"<div class=\"row\"  id=\"row-983088842\">\n\n\n\t<div id=\"col-1526591628\" class=\"col medium-6 small-12 large-6\"  >\n\t\t\t\t<div class=\"col-inner\"  >\n\t\t\t\n\t\t\t\n\n\t<div class=\"img has-hover x md-x lg-x y md-y lg-y\" id=\"image_174276988\">\n\t\t\t\t\t\t\t\t<div class=\"img-inner dark\" >\n\t\t\t<img loading=\"lazy\" decoding=\"async\" width=\"600\" height=\"400\" src=\"https:\/\/altinkayateknikelektrik.com.tr\/wp-content\/uploads\/2024\/10\/Adsiz-tasarim-10.png\" class=\"attachment-original size-original\" alt=\"\" srcset=\"https:\/\/altinkayateknikelektrik.com.tr\/wp-content\/uploads\/2024\/10\/Adsiz-tasarim-10.png 600w, https:\/\/altinkayateknikelektrik.com.tr\/wp-content\/uploads\/2024\/10\/Adsiz-tasarim-10-300x200.png 300w\" sizes=\"auto, (max-width: 600px) 100vw, 600px\" \/>\t\t\t\t\t\t\n\t\t\t\t\t<\/div>\n\t\t\t\t\t\t\t\t\n<style>\n#image_174276988 {\n  width: 100%;\n}\n<\/style>\n\t<\/div>\n\t\n\n\n\t\t<\/div>\n\t\t\t\t\t<\/div>\n\n\t\n\n\t<div id=\"col-928375834\" class=\"col medium-6 small-12 large-6\"  >\n\t\t\t\t<div class=\"col-inner\"  >\n\t\t\t\n\t\t\t\n\n<p data-sourcepos=\"9:1-9:230\">G\u00fcne\u015f enerjisi, gelece\u011fin enerji kayna\u011f\u0131d\u0131r. Biz de bu ger\u00e7e\u011fi g\u00f6z \u00f6n\u00fcnde bulundurarak, size \u00f6zel g\u00fcne\u015f enerji sistemleri tasarl\u0131yor ve kuruyoruz. Sisteminizin uzun \u00f6m\u00fcrl\u00fc ve verimli olmas\u0131 i\u00e7in d\u00fczenli bak\u0131m hizmetleri sunuyoruz.<\/p>\n<ul data-sourcepos=\"11:1-16:0\">\n<li data-sourcepos=\"11:1-11:135\"><strong>Proje Tasar\u0131m\u0131:<\/strong> Binalar\u0131n\u0131z\u0131n enerji t\u00fcketim verileri ve g\u00fcne\u015flenme ko\u015fullar\u0131 analiz edilerek, size \u00f6zel bir sistem tasarl\u0131yoruz.<\/li>\n<li data-sourcepos=\"12:1-12:112\"><strong>Kurulum:<\/strong> Kaliteli malzemeler kullanarak, g\u00fcvenli ve h\u0131zl\u0131 bir \u015fekilde kurulum i\u015flemini ger\u00e7ekle\u015ftiriyoruz.<\/li>\n<li data-sourcepos=\"13:1-13:134\"><strong>Bak\u0131m:<\/strong> Sisteminizin maksimum verimle \u00e7al\u0131\u015fmas\u0131 i\u00e7in d\u00fczenli olarak kontrol ediyor, temizliyor ve gerekli m\u00fcdahaleleri yap\u0131yoruz.<\/li>\n<li data-sourcepos=\"14:1-14:121\"><strong>Ar\u0131za Giderme:<\/strong> Olu\u015fabilecek ar\u0131zalar\u0131 en k\u0131sa s\u00fcrede tespit ederek, sisteminizin kesintisiz \u00e7al\u0131\u015fmas\u0131n\u0131 sa\u011fl\u0131yoruz.<\/li>\n<li data-sourcepos=\"15:1-16:0\"><strong>Devlet Destekleri:<\/strong> G\u00fcne\u015f enerjisi sistemleri i\u00e7in sunulan devlet desteklerinden faydalanman\u0131za yard\u0131mc\u0131 oluyoruz.<\/li>\n<\/ul>\n\n\t\t<\/div>\n\t\t\t\t\t<\/div>\n\n\t\n\n<\/div>","protected":false},"excerpt":{"rendered":"","protected":false},"author":1,"featured_media":0,"parent":0,"menu_order":0,"comment_status":"closed","ping_status":"closed","template":"","meta":{"footnotes":""},"class_list":["post-59","page","type-page","status-publish","hentry"],"_links":{"self":[{"href":"https:\/\/altinkayateknikelektrik.com.tr\/index.php\/wp-json\/wp\/v2\/pages\/59","targetHints":{"allow":["GET"]}}],"collection":[{"href":"https:\/\/altinkayateknikelektrik.com.tr\/index.php\/wp-json\/wp\/v2\/pages"}],"about":[{"href":"https:\/\/altinkayateknikelektrik.com.tr\/index.php\/wp-json\/wp\/v2\/types\/page"}],"author":[{"embeddable":true,"href":"https:\/\/altinkayateknikelektrik.com.tr\/index.php\/wp-json\/wp\/v2\/users\/1"}],"replies":[{"embeddable":true,"href":"https:\/\/altinkayateknikelektrik.com.tr\/index.php\/wp-json\/wp\/v2\/comments?post=59"}],"version-history":[{"count":2,"href":"https:\/\/altinkayateknikelektrik.com.tr\/index.php\/wp-json\/wp\/v2\/pages\/59\/revisions"}],"predecessor-version":[{"id":61,"href":"https:\/\/altinkayateknikelektrik.com.tr\/index.php\/wp-json\/wp\/v2\/pages\/59\/revisions\/61"}],"wp:attachment":[{"href":"https:\/\/altinkayateknikelektrik.com.tr\/index.php\/wp-json\/wp\/v2\/media?parent=59"}],"curies":[{"name":"wp","href":"https:\/\/api.w.org\/{rel}","templated":true}]}}